{"id":1317,"date":"2026-03-30T15:24:14","date_gmt":"2026-03-30T12:24:14","guid":{"rendered":"https:\/\/hairfresh.eu\/product\/pro-hair-purifying-shampoo-2\/"},"modified":"2026-03-30T15:28:17","modified_gmt":"2026-03-30T12:28:17","slug":"pro-hair-purifying-shampoo-2","status":"publish","type":"product","link":"https:\/\/hairfresh.eu\/et\/product\/pro-hair-purifying-shampoo-2\/","title":{"rendered":"Pro-Hair Purifying Shampoo"},"content":{"rendered":"<p>pH 4,5 tasakaalustav \u0161ampoon p\u00e4rast hooldusprotseduuri, mis viimistleb ja stabiliseerib salongis tehtud hoolduse tulemuse, kaitstes juukseid.<\/p>\n<p>Kohe p\u00e4rast protseduuri kasutamisel avaldab see t\u00f5husat kaitsvat toimet ja tagab s\u00e4ravama, intensiivsema ja p\u00fcsivama tulemuse. Sulfaadivaba koostis teeb Purifying Shampoo Phase 1 sobivaks v\u00e4ga kahjustatud juustele, kuid ka igap\u00e4evaseks kasutamiseks.<\/p>\n","protected":false},"excerpt":{"rendered":"<p>pH 4,5 tasakaalustav \u0161ampoon p\u00e4rast hooldusprotseduuri, mis viimistleb ja stabiliseerib salongis tehtud hoolduse tulemuse, kaitstes juukseid. Kohe p\u00e4rast protseduuri kasutamisel avaldab see t\u00f5husat kaitsvat toimet ja tagab s\u00e4ravama, intensiivsema ja p\u00fcsivama tulemuse. Sulfaadivaba koostis teeb Purifying Shampoo Phase 1 sobivaks v\u00e4ga kahjustatud juustele, kuid ka igap\u00e4evaseks kasutamiseks.<\/p>\n","protected":false},"featured_media":1315,"comment_status":"open","ping_status":"closed","template":"","meta":{"rs_blank_template":"","rs_page_bg_color":"","slide_template_v7":""},"product_brand":[],"product_cat":[552,555],"product_tag":[],"class_list":{"0":"post-1317","1":"product","2":"type-product","3":"status-publish","4":"has-post-thumbnail","6":"product_cat-pro-hair","7":"product_cat-protezione-e-mantenimento","9":"first","10":"instock","11":"taxable","12":"shipping-taxable","13":"purchasable","14":"product-type-simple"},"supplier_id":null,"supplier_sku":"","barcode":null,"atum_controlled":false,"out_stock_date":null,"out_stock_threshold":null,"inheritable":false,"inbound_stock":null,"stock_on_hold":0,"sold_today":0,"sales_last_days":0,"reserved_stock":null,"customer_returns":null,"warehouse_damage":null,"lost_in_post":null,"other_logs":null,"out_stock_days":0,"lost_sales":0,"has_location":null,"update_date":"2026-04-14T02:16:16","atum_locations":[],"atum_stock_status":"instock","restock_status":false,"low_stock_amount":"","sales_update_date":"2026-04-14T02:16:16","calc_backorders":null,"_links":{"self":[{"href":"https:\/\/hairfresh.eu\/et\/wp-json\/wp\/v2\/product\/1317","targetHints":{"allow":["GET"]}}],"collection":[{"href":"https:\/\/hairfresh.eu\/et\/wp-json\/wp\/v2\/product"}],"about":[{"href":"https:\/\/hairfresh.eu\/et\/wp-json\/wp\/v2\/types\/product"}],"replies":[{"embeddable":true,"href":"https:\/\/hairfresh.eu\/et\/wp-json\/wp\/v2\/comments?post=1317"}],"wp:featuredmedia":[{"embeddable":true,"href":"https:\/\/hairfresh.eu\/et\/wp-json\/wp\/v2\/media\/1315"}],"wp:attachment":[{"href":"https:\/\/hairfresh.eu\/et\/wp-json\/wp\/v2\/media?parent=1317"}],"wp:term":[{"taxonomy":"product_brand","embeddable":true,"href":"https:\/\/hairfresh.eu\/et\/wp-json\/wp\/v2\/product_brand?post=1317"},{"taxonomy":"product_cat","embeddable":true,"href":"https:\/\/hairfresh.eu\/et\/wp-json\/wp\/v2\/product_cat?post=1317"},{"taxonomy":"product_tag","embeddable":true,"href":"https:\/\/hairfresh.eu\/et\/wp-json\/wp\/v2\/product_tag?post=1317"}],"curies":[{"name":"wp","href":"https:\/\/api.w.org\/{rel}","templated":true}]}}