{"id":1434,"date":"2026-03-30T15:33:12","date_gmt":"2026-03-30T12:33:12","guid":{"rendered":"https:\/\/hairfresh.eu\/product\/man-shiny-water-wax\/"},"modified":"2026-03-30T15:33:28","modified_gmt":"2026-03-30T12:33:28","slug":"man-shiny-water-wax","status":"publish","type":"product","link":"https:\/\/hairfresh.eu\/et\/product\/man-shiny-water-wax\/","title":{"rendered":"Man Shiny Water Wax"},"content":{"rendered":"<p>\u00dclikiirgav vaha, mis toob esile ja r\u00f5hutab soengu detaile. Keskmine\/tugev fikseerimine.<\/p>\n<p>\u00dclikiirgav vahakreem tugeva fikseerimisega, ideaalne s\u00e4rava, elegantsi ja paindliku v\u00e4limuse saavutamiseks. Uuenduslik, lahustuv ja veep\u00f5hine koostis v\u00f5imaldab juukseid v\u00e4ga kergesti vormida, ilma neid raskeks muutmata. Kaitseb niiskuse eest ja niisutab juukseid. L\u00e4ikiv efekt.<\/p>\n","protected":false},"excerpt":{"rendered":"<p>\u00dclikiirgav vaha, mis toob esile ja r\u00f5hutab soengu detaile. Keskmine\/tugev fikseerimine. \u00dclikiirgav vahakreem tugeva fikseerimisega, ideaalne s\u00e4rava, elegantsi ja paindliku v\u00e4limuse saavutamiseks. Uuenduslik, lahustuv ja veep\u00f5hine koostis v\u00f5imaldab juukseid v\u00e4ga kergesti vormida, ilma neid raskeks muutmata. Kaitseb niiskuse eest ja niisutab juukseid. L\u00e4ikiv efekt.<\/p>\n","protected":false},"featured_media":1430,"comment_status":"open","ping_status":"closed","template":"","meta":{"rs_blank_template":"","rs_page_bg_color":"","slide_template_v7":""},"product_brand":[],"product_cat":[543],"product_tag":[],"class_list":{"0":"post-1434","1":"product","2":"type-product","3":"status-publish","4":"has-post-thumbnail","6":"product_cat-man","8":"first","9":"instock","10":"taxable","11":"shipping-taxable","12":"purchasable","13":"product-type-simple"},"supplier_id":null,"supplier_sku":"","barcode":null,"atum_controlled":false,"out_stock_date":null,"out_stock_threshold":null,"inheritable":false,"inbound_stock":null,"stock_on_hold":0,"sold_today":0,"sales_last_days":0,"reserved_stock":null,"customer_returns":null,"warehouse_damage":null,"lost_in_post":null,"other_logs":null,"out_stock_days":0,"lost_sales":0,"has_location":null,"update_date":"2026-04-14T02:16:17","atum_locations":[],"atum_stock_status":"instock","restock_status":false,"low_stock_amount":"","sales_update_date":"2026-04-14T02:16:17","calc_backorders":null,"_links":{"self":[{"href":"https:\/\/hairfresh.eu\/et\/wp-json\/wp\/v2\/product\/1434","targetHints":{"allow":["GET"]}}],"collection":[{"href":"https:\/\/hairfresh.eu\/et\/wp-json\/wp\/v2\/product"}],"about":[{"href":"https:\/\/hairfresh.eu\/et\/wp-json\/wp\/v2\/types\/product"}],"replies":[{"embeddable":true,"href":"https:\/\/hairfresh.eu\/et\/wp-json\/wp\/v2\/comments?post=1434"}],"wp:featuredmedia":[{"embeddable":true,"href":"https:\/\/hairfresh.eu\/et\/wp-json\/wp\/v2\/media\/1430"}],"wp:attachment":[{"href":"https:\/\/hairfresh.eu\/et\/wp-json\/wp\/v2\/media?parent=1434"}],"wp:term":[{"taxonomy":"product_brand","embeddable":true,"href":"https:\/\/hairfresh.eu\/et\/wp-json\/wp\/v2\/product_brand?post=1434"},{"taxonomy":"product_cat","embeddable":true,"href":"https:\/\/hairfresh.eu\/et\/wp-json\/wp\/v2\/product_cat?post=1434"},{"taxonomy":"product_tag","embeddable":true,"href":"https:\/\/hairfresh.eu\/et\/wp-json\/wp\/v2\/product_tag?post=1434"}],"curies":[{"name":"wp","href":"https:\/\/api.w.org\/{rel}","templated":true}]}}