{"id":1555,"date":"2026-03-30T15:37:07","date_gmt":"2026-03-30T12:37:07","guid":{"rendered":"https:\/\/hairfresh.eu\/product\/kit-rimpolpante\/"},"modified":"2026-03-30T15:37:19","modified_gmt":"2026-03-30T12:37:19","slug":"kit-rimpolpante","status":"publish","type":"product","link":"https:\/\/hairfresh.eu\/et\/product\/kit-rimpolpante\/","title":{"rendered":"Kit Rimpolpante"},"content":{"rendered":"<p><span style=\"font-weight: 400\">Helix Aspersa Muller&#x27;i teokarva sisaldav juukseid tihendav komplekt tihendab juuksekiudu v\u00e4lispinnalt, taastades juuksekiule mahu ja elastsuse.<\/span><\/p>\n<p><span style=\"font-weight: 400\">Helix Aspersa Muller teokarva sisaldav vol\u00fc\u00fcmi andev komplekt t\u00e4idab juuksekiudu v\u00e4lispinnalt, taastades juuksekiu mahu ja elastsuse.<\/span><\/p>\n<p>Komplekt sisaldab:<\/p>\n<ul>\n<li>\n<strong>1 x Beauty Experience Nutry Care \u0161ampoon 300 ml<\/strong><br \/>\n\u2013 <span class=\"JsGRdQ\">uuenduslik koostis, mis sisaldab teokarbi, granaat\u00f5una ja bambusem\u00fc\u00fcki ning taastab juuksekiu t\u00e4iduse, mahu ja eluj\u00f5u.<\/span>\n<\/li>\n<li>\n<b>1 x <strong>Beauty Experience Nutry Care<\/strong>Instant Repulp 125 ml<\/b><br \/>\n\u2013 <span style=\"font-weight: 400\">uuenduslik koostis, mis on rikastatud teokarbi, granaat\u00f5una ja bambusem\u00fc\u00fcdi ekstraktidega ning mis t\u00e4idab, taastab mahu, l\u00e4ike ja struktuuri igat t\u00fc\u00fcpi juustele.<\/span>\n<\/li>\n<li>\n<b>1 x <strong>Beauty Experience Nutry Care <\/strong> Cream 150 ml<\/b><br \/>\n\u2013 <span style=\"font-weight: 400\">uuenduslik koostis, mis sisaldab teokarbi ekstrakti, nisu-, siidi- ja linuproteiine, annab l\u00e4ike, mahu ja tiheduse, muutes juuksed koheselt t\u00e4idlasemaks, niisutatuks ja pehmeks.<\/span>\n<\/li>\n<\/ul>\n<p>\u00a0<\/p>\n<p>Sobib k\u00f5ikidele juukset\u00fc\u00fcpidele, <span style=\"font-weight: 400\">eriti haprale ja kahjustatud juustele.<\/span><\/p>\n","protected":false},"excerpt":{"rendered":"<p>Helix Aspersa Muller&#x27;i teokarva sisaldav juukseid tihendav komplekt tihendab juuksekiudu v\u00e4lispinnalt, taastades juuksekiule mahu ja elastsuse. Helix Aspersa Muller teokarva sisaldav vol\u00fc\u00fcmi andev komplekt t\u00e4idab juuksekiudu v\u00e4lispinnalt, taastades juuksekiu mahu ja elastsuse. Komplekt sisaldab: 1 x Beauty Experience Nutry Care \u0161ampoon 300 ml \u2013 uuenduslik koostis, mis sisaldab teokarbi, granaat\u00f5una ja bambusem\u00fc\u00fcki ning taastab juuksekiu [&#8230;]\n","protected":false},"featured_media":1554,"comment_status":"open","ping_status":"closed","template":"","meta":{"rs_blank_template":"","rs_page_bg_color":"","slide_template_v7":""},"product_brand":[],"product_cat":[501,516,534],"product_tag":[],"class_list":{"0":"post-1555","1":"product","2":"type-product","3":"status-publish","4":"has-post-thumbnail","6":"product_cat-beauty-experience","7":"product_cat-bellezza-del-capello","8":"product_cat-i-nostri-kit","10":"first","11":"instock","12":"taxable","13":"shipping-taxable","14":"purchasable","15":"product-type-simple"},"supplier_id":null,"supplier_sku":"","barcode":null,"atum_controlled":false,"out_stock_date":null,"out_stock_threshold":null,"inheritable":false,"inbound_stock":null,"stock_on_hold":0,"sold_today":0,"sales_last_days":0,"reserved_stock":null,"customer_returns":null,"warehouse_damage":null,"lost_in_post":null,"other_logs":null,"out_stock_days":0,"lost_sales":0,"has_location":null,"update_date":"2026-04-14T02:16:14","atum_locations":[],"atum_stock_status":"instock","restock_status":false,"low_stock_amount":"","sales_update_date":"2026-04-14T02:16:14","calc_backorders":null,"_links":{"self":[{"href":"https:\/\/hairfresh.eu\/et\/wp-json\/wp\/v2\/product\/1555","targetHints":{"allow":["GET"]}}],"collection":[{"href":"https:\/\/hairfresh.eu\/et\/wp-json\/wp\/v2\/product"}],"about":[{"href":"https:\/\/hairfresh.eu\/et\/wp-json\/wp\/v2\/types\/product"}],"replies":[{"embeddable":true,"href":"https:\/\/hairfresh.eu\/et\/wp-json\/wp\/v2\/comments?post=1555"}],"wp:featuredmedia":[{"embeddable":true,"href":"https:\/\/hairfresh.eu\/et\/wp-json\/wp\/v2\/media\/1554"}],"wp:attachment":[{"href":"https:\/\/hairfresh.eu\/et\/wp-json\/wp\/v2\/media?parent=1555"}],"wp:term":[{"taxonomy":"product_brand","embeddable":true,"href":"https:\/\/hairfresh.eu\/et\/wp-json\/wp\/v2\/product_brand?post=1555"},{"taxonomy":"product_cat","embeddable":true,"href":"https:\/\/hairfresh.eu\/et\/wp-json\/wp\/v2\/product_cat?post=1555"},{"taxonomy":"product_tag","embeddable":true,"href":"https:\/\/hairfresh.eu\/et\/wp-json\/wp\/v2\/product_tag?post=1555"}],"curies":[{"name":"wp","href":"https:\/\/api.w.org\/{rel}","templated":true}]}}