{"id":1633,"date":"2026-03-30T15:41:20","date_gmt":"2026-03-30T12:41:20","guid":{"rendered":"https:\/\/hairfresh.eu\/product\/gate-14-ocean-eco-spray-strong\/"},"modified":"2026-03-30T15:41:33","modified_gmt":"2026-03-30T12:41:33","slug":"gate-14-ocean-eco-spray-strong","status":"publish","type":"product","link":"https:\/\/hairfresh.eu\/et\/product\/gate-14-ocean-eco-spray-strong\/","title":{"rendered":"Gate 14 Ocean Eco Spray Strong"},"content":{"rendered":"<p>Keskkonnas\u00f5bralik tugev fikseerimisega gaasivaba lakispray, mis kuivab kiiresti ja tagab selge ning pehme soengu.<\/p>\n<p>Eco Spray Strong on gaasivaba, kiiresti kuivav tugev fikseerimisega sprei, mis tagab selge ja kindla pikaajalise tulemuse. Annab soengule l\u00e4ike ja mahu, v\u00f5itleb juuste elektrostaatilisusega. Sisaldab spirulina vetikat, mis toidab juukseid, muutes need tihedamaks ja s\u00e4ravamaks. Ideaalne kindla soengu loomiseks. Ei j\u00e4ta j\u00e4\u00e4ke.<\/p>\n","protected":false},"excerpt":{"rendered":"<p>Keskkonnas\u00f5bralik tugev fikseerimisega gaasivaba lakispray, mis kuivab kiiresti ja tagab selge ning pehme soengu. Eco Spray Strong on gaasivaba, kiiresti kuivav tugev fikseerimisega sprei, mis tagab selge ja kindla pikaajalise tulemuse. Annab soengule l\u00e4ike ja mahu, v\u00f5itleb juuste elektrostaatilisusega. Sisaldab spirulina vetikat, mis toidab juukseid, muutes need tihedamaks ja s\u00e4ravamaks. Ideaalne kindla soengu loomiseks. Ei [&#8230;]\n","protected":false},"featured_media":1632,"comment_status":"open","ping_status":"closed","template":"","meta":{"rs_blank_template":"","rs_page_bg_color":"","slide_template_v7":""},"product_brand":[],"product_cat":[528,561],"product_tag":[],"class_list":{"0":"post-1633","1":"product","2":"type-product","3":"status-publish","4":"has-post-thumbnail","6":"product_cat-gate-ocean-styling-finishing","7":"product_cat-texture-style","9":"first","10":"instock","11":"taxable","12":"shipping-taxable","13":"purchasable","14":"product-type-simple"},"supplier_id":null,"supplier_sku":"","barcode":null,"atum_controlled":false,"out_stock_date":null,"out_stock_threshold":null,"inheritable":false,"inbound_stock":null,"stock_on_hold":0,"sold_today":0,"sales_last_days":0,"reserved_stock":null,"customer_returns":null,"warehouse_damage":null,"lost_in_post":null,"other_logs":null,"out_stock_days":0,"lost_sales":0,"has_location":null,"update_date":"2026-04-14T02:16:19","atum_locations":[],"atum_stock_status":"instock","restock_status":false,"low_stock_amount":"","sales_update_date":"2026-04-14T02:16:19","calc_backorders":null,"_links":{"self":[{"href":"https:\/\/hairfresh.eu\/et\/wp-json\/wp\/v2\/product\/1633","targetHints":{"allow":["GET"]}}],"collection":[{"href":"https:\/\/hairfresh.eu\/et\/wp-json\/wp\/v2\/product"}],"about":[{"href":"https:\/\/hairfresh.eu\/et\/wp-json\/wp\/v2\/types\/product"}],"replies":[{"embeddable":true,"href":"https:\/\/hairfresh.eu\/et\/wp-json\/wp\/v2\/comments?post=1633"}],"wp:featuredmedia":[{"embeddable":true,"href":"https:\/\/hairfresh.eu\/et\/wp-json\/wp\/v2\/media\/1632"}],"wp:attachment":[{"href":"https:\/\/hairfresh.eu\/et\/wp-json\/wp\/v2\/media?parent=1633"}],"wp:term":[{"taxonomy":"product_brand","embeddable":true,"href":"https:\/\/hairfresh.eu\/et\/wp-json\/wp\/v2\/product_brand?post=1633"},{"taxonomy":"product_cat","embeddable":true,"href":"https:\/\/hairfresh.eu\/et\/wp-json\/wp\/v2\/product_cat?post=1633"},{"taxonomy":"product_tag","embeddable":true,"href":"https:\/\/hairfresh.eu\/et\/wp-json\/wp\/v2\/product_tag?post=1633"}],"curies":[{"name":"wp","href":"https:\/\/api.w.org\/{rel}","templated":true}]}}