{"id":1747,"date":"2026-03-30T15:46:47","date_gmt":"2026-03-30T12:46:47","guid":{"rendered":"https:\/\/hairfresh.eu\/product\/bionature-patch-fattore-crescita\/"},"modified":"2026-03-30T15:46:59","modified_gmt":"2026-03-30T12:46:59","slug":"bionature-patch-fattore-crescita","status":"publish","type":"product","link":"https:\/\/hairfresh.eu\/et\/product\/bionature-patch-fattore-crescita\/","title":{"rendered":"Bionature Patch Fattore Crescita"},"content":{"rendered":"<p>Uuenduslik kasvufaktori plaaster, mis aitab ennetada juuste v\u00e4ljalangemist, toimides kohalikult, j\u00e4rk-j\u00e4rgult ja progressiivselt.<\/p>\n<p>See plaaster vabastab nahale aeglaselt rea toimeaineid, mis m\u00f5juvad s\u00fcnergiliselt juuste v\u00e4ljalangemise peamistele p\u00f5hjustajatele, toites juukseid ja soodustades nende kasvu. Patch Fattore Crescita on koostatud mitmeotstarbelise kompleksiga, mis t\u00e4nu uhiuuele kontrollitud vabastamise tehnoloogiale v\u00f5imaldab toimeainete j\u00e4rkj\u00e4rgulist ja progressiivset imendumist 12 tunni jooksul p\u00e4rast paigaldamist. See on h\u00fcpoallergeeniline ja seda saab kasutada nii juuste v\u00e4ljalangemise ennetamiseks kui ka raviks; see kasutab uuenduslikku transdermaalset tehnoloogiat, mis vabastab toimeaineid peanaha s\u00fcgavamatesse kihtidesse, pikendades juuste eluiga.<\/p>\n","protected":false},"excerpt":{"rendered":"<p>Uuenduslik kasvufaktori plaaster, mis aitab ennetada juuste v\u00e4ljalangemist, toimides kohalikult, j\u00e4rk-j\u00e4rgult ja progressiivselt. See plaaster vabastab nahale aeglaselt rea toimeaineid, mis m\u00f5juvad s\u00fcnergiliselt juuste v\u00e4ljalangemise peamistele p\u00f5hjustajatele, toites juukseid ja soodustades nende kasvu. Patch Fattore Crescita on koostatud mitmeotstarbelise kompleksiga, mis t\u00e4nu uhiuuele kontrollitud vabastamise tehnoloogiale v\u00f5imaldab toimeainete j\u00e4rkj\u00e4rgulist ja progressiivset imendumist 12 tunni jooksul [&#8230;]\n","protected":false},"featured_media":1746,"comment_status":"open","ping_status":"closed","template":"","meta":{"rs_blank_template":"","rs_page_bg_color":"","slide_template_v7":""},"product_brand":[],"product_cat":[522,564],"product_tag":[],"class_list":{"0":"post-1747","1":"product","2":"type-product","3":"status-publish","4":"has-post-thumbnail","6":"product_cat-bionature-cosmesi-fito-olistica","7":"product_cat-trattamenti-cute","9":"first","10":"instock","11":"taxable","12":"shipping-taxable","13":"purchasable","14":"product-type-simple"},"supplier_id":null,"supplier_sku":"","barcode":null,"atum_controlled":false,"out_stock_date":null,"out_stock_threshold":null,"inheritable":false,"inbound_stock":null,"stock_on_hold":0,"sold_today":0,"sales_last_days":0,"reserved_stock":null,"customer_returns":null,"warehouse_damage":null,"lost_in_post":null,"other_logs":null,"out_stock_days":0,"lost_sales":0,"has_location":null,"update_date":"2026-04-14T02:16:20","atum_locations":[],"atum_stock_status":"instock","restock_status":false,"low_stock_amount":"","sales_update_date":"2026-04-14T02:16:20","calc_backorders":null,"_links":{"self":[{"href":"https:\/\/hairfresh.eu\/et\/wp-json\/wp\/v2\/product\/1747","targetHints":{"allow":["GET"]}}],"collection":[{"href":"https:\/\/hairfresh.eu\/et\/wp-json\/wp\/v2\/product"}],"about":[{"href":"https:\/\/hairfresh.eu\/et\/wp-json\/wp\/v2\/types\/product"}],"replies":[{"embeddable":true,"href":"https:\/\/hairfresh.eu\/et\/wp-json\/wp\/v2\/comments?post=1747"}],"wp:featuredmedia":[{"embeddable":true,"href":"https:\/\/hairfresh.eu\/et\/wp-json\/wp\/v2\/media\/1746"}],"wp:attachment":[{"href":"https:\/\/hairfresh.eu\/et\/wp-json\/wp\/v2\/media?parent=1747"}],"wp:term":[{"taxonomy":"product_brand","embeddable":true,"href":"https:\/\/hairfresh.eu\/et\/wp-json\/wp\/v2\/product_brand?post=1747"},{"taxonomy":"product_cat","embeddable":true,"href":"https:\/\/hairfresh.eu\/et\/wp-json\/wp\/v2\/product_cat?post=1747"},{"taxonomy":"product_tag","embeddable":true,"href":"https:\/\/hairfresh.eu\/et\/wp-json\/wp\/v2\/product_tag?post=1747"}],"curies":[{"name":"wp","href":"https:\/\/api.w.org\/{rel}","templated":true}]}}