{"id":1846,"date":"2026-03-30T15:51:25","date_gmt":"2026-03-30T12:51:25","guid":{"rendered":"https:\/\/hairfresh.eu\/product\/beauty-experience-lift-express-night-cream\/"},"modified":"2026-03-30T15:51:40","modified_gmt":"2026-03-30T12:51:40","slug":"beauty-experience-lift-express-night-cream","status":"publish","type":"product","link":"https:\/\/hairfresh.eu\/et\/product\/beauty-experience-lift-express-night-cream\/","title":{"rendered":"Beauty Experience Lift Express Night Cream"},"content":{"rendered":"<p>Taastav ja siluv vananemisvastane \u00f6\u00f6kreem.<\/p>\n<p>K\u00f5ikeh\u00f5lmav vananemisvastane n\u00e4okreem, mis on loodud v\u00f5itlemaks vananemise m\u00e4rkidega, andes nahale n\u00e4htavalt toonuse ja \u00fchtlase v\u00e4limuse. Selle uuenduslik koostis aitab parandada naha elastsust, muutes naha pingulaks ja sametiseks puudutusele, et \u00e4rgates oleks n\u00e4gu s\u00e4rav, v\u00e4rske ja kiirgav.<\/p>\n","protected":false},"excerpt":{"rendered":"<p>Taastav ja siluv vananemisvastane \u00f6\u00f6kreem. K\u00f5ikeh\u00f5lmav vananemisvastane n\u00e4okreem, mis on loodud v\u00f5itlemaks vananemise m\u00e4rkidega, andes nahale n\u00e4htavalt toonuse ja \u00fchtlase v\u00e4limuse. Selle uuenduslik koostis aitab parandada naha elastsust, muutes naha pingulaks ja sametiseks puudutusele, et \u00e4rgates oleks n\u00e4gu s\u00e4rav, v\u00e4rske ja kiirgav.<\/p>\n","protected":false},"featured_media":1843,"comment_status":"open","ping_status":"closed","template":"","meta":{"rs_blank_template":"","rs_page_bg_color":"","slide_template_v7":""},"product_brand":[],"product_cat":[507,516],"product_tag":[],"class_list":{"0":"post-1846","1":"product","2":"type-product","3":"status-publish","4":"has-post-thumbnail","6":"product_cat-beauty-experience-skin-care","7":"product_cat-bellezza-del-capello","9":"first","10":"instock","11":"taxable","12":"shipping-taxable","13":"purchasable","14":"product-type-simple"},"supplier_id":null,"supplier_sku":"","barcode":null,"atum_controlled":false,"out_stock_date":null,"out_stock_threshold":null,"inheritable":false,"inbound_stock":null,"stock_on_hold":0,"sold_today":0,"sales_last_days":0,"reserved_stock":null,"customer_returns":null,"warehouse_damage":null,"lost_in_post":null,"other_logs":null,"out_stock_days":0,"lost_sales":0,"has_location":null,"update_date":"2026-04-14T02:16:14","atum_locations":[],"atum_stock_status":"instock","restock_status":false,"low_stock_amount":"","sales_update_date":"2026-04-14T02:16:14","calc_backorders":null,"_links":{"self":[{"href":"https:\/\/hairfresh.eu\/et\/wp-json\/wp\/v2\/product\/1846","targetHints":{"allow":["GET"]}}],"collection":[{"href":"https:\/\/hairfresh.eu\/et\/wp-json\/wp\/v2\/product"}],"about":[{"href":"https:\/\/hairfresh.eu\/et\/wp-json\/wp\/v2\/types\/product"}],"replies":[{"embeddable":true,"href":"https:\/\/hairfresh.eu\/et\/wp-json\/wp\/v2\/comments?post=1846"}],"wp:featuredmedia":[{"embeddable":true,"href":"https:\/\/hairfresh.eu\/et\/wp-json\/wp\/v2\/media\/1843"}],"wp:attachment":[{"href":"https:\/\/hairfresh.eu\/et\/wp-json\/wp\/v2\/media?parent=1846"}],"wp:term":[{"taxonomy":"product_brand","embeddable":true,"href":"https:\/\/hairfresh.eu\/et\/wp-json\/wp\/v2\/product_brand?post=1846"},{"taxonomy":"product_cat","embeddable":true,"href":"https:\/\/hairfresh.eu\/et\/wp-json\/wp\/v2\/product_cat?post=1846"},{"taxonomy":"product_tag","embeddable":true,"href":"https:\/\/hairfresh.eu\/et\/wp-json\/wp\/v2\/product_tag?post=1846"}],"curies":[{"name":"wp","href":"https:\/\/api.w.org\/{rel}","templated":true}]}}