{"id":2182,"date":"2026-03-30T16:07:51","date_gmt":"2026-03-30T13:07:51","guid":{"rendered":"https:\/\/hairfresh.eu\/product\/bionature-lozione-deforforante\/"},"modified":"2026-03-30T16:08:10","modified_gmt":"2026-03-30T13:08:10","slug":"bionature-lozione-deforforante","status":"publish","type":"product","link":"https:\/\/hairfresh.eu\/et\/product\/bionature-lozione-deforforante\/","title":{"rendered":"Bionature Lozione Deforforante"},"content":{"rendered":"<p>Abistav ravi erinevatest k\u00f5\u00f5mavormidest m\u00f5jutatud peanaha normaliseerimiseks.<\/p>\n<p>Koostis sisaldab melaleuka (teepuu), lavendli, geranium, eukal\u00fcpti ja sandlipuu eeterlikke \u00f5lisid. See nahalotion aitab normaliseerida erinevatest k\u00f5\u00f5mavormidest m\u00f5jutatud nahka ja ennetab k\u00f5\u00f5ma uuesti tekkimist.<\/p>\n","protected":false},"excerpt":{"rendered":"<p>Abistav ravi erinevatest k\u00f5\u00f5mavormidest m\u00f5jutatud peanaha normaliseerimiseks. Koostis sisaldab melaleuka (teepuu), lavendli, geranium, eukal\u00fcpti ja sandlipuu eeterlikke \u00f5lisid. See nahalotion aitab normaliseerida erinevatest k\u00f5\u00f5mavormidest m\u00f5jutatud nahka ja ennetab k\u00f5\u00f5ma uuesti tekkimist.<\/p>\n","protected":false},"featured_media":2180,"comment_status":"open","ping_status":"closed","template":"","meta":{"rs_blank_template":"","rs_page_bg_color":"","slide_template_v7":""},"product_brand":[],"product_cat":[522,564],"product_tag":[],"class_list":{"0":"post-2182","1":"product","2":"type-product","3":"status-publish","4":"has-post-thumbnail","6":"product_cat-bionature-cosmesi-fito-olistica","7":"product_cat-trattamenti-cute","9":"first","10":"instock","11":"taxable","12":"shipping-taxable","13":"purchasable","14":"product-type-simple"},"supplier_id":null,"supplier_sku":"","barcode":null,"atum_controlled":false,"out_stock_date":null,"out_stock_threshold":null,"inheritable":false,"inbound_stock":null,"stock_on_hold":0,"sold_today":0,"sales_last_days":0,"reserved_stock":null,"customer_returns":null,"warehouse_damage":null,"lost_in_post":null,"other_logs":null,"out_stock_days":0,"lost_sales":0,"has_location":null,"update_date":"2026-04-14T02:16:18","atum_locations":[],"atum_stock_status":"instock","restock_status":false,"low_stock_amount":"","sales_update_date":"2026-04-14T02:16:18","calc_backorders":null,"_links":{"self":[{"href":"https:\/\/hairfresh.eu\/et\/wp-json\/wp\/v2\/product\/2182","targetHints":{"allow":["GET"]}}],"collection":[{"href":"https:\/\/hairfresh.eu\/et\/wp-json\/wp\/v2\/product"}],"about":[{"href":"https:\/\/hairfresh.eu\/et\/wp-json\/wp\/v2\/types\/product"}],"replies":[{"embeddable":true,"href":"https:\/\/hairfresh.eu\/et\/wp-json\/wp\/v2\/comments?post=2182"}],"wp:featuredmedia":[{"embeddable":true,"href":"https:\/\/hairfresh.eu\/et\/wp-json\/wp\/v2\/media\/2180"}],"wp:attachment":[{"href":"https:\/\/hairfresh.eu\/et\/wp-json\/wp\/v2\/media?parent=2182"}],"wp:term":[{"taxonomy":"product_brand","embeddable":true,"href":"https:\/\/hairfresh.eu\/et\/wp-json\/wp\/v2\/product_brand?post=2182"},{"taxonomy":"product_cat","embeddable":true,"href":"https:\/\/hairfresh.eu\/et\/wp-json\/wp\/v2\/product_cat?post=2182"},{"taxonomy":"product_tag","embeddable":true,"href":"https:\/\/hairfresh.eu\/et\/wp-json\/wp\/v2\/product_tag?post=2182"}],"curies":[{"name":"wp","href":"https:\/\/api.w.org\/{rel}","templated":true}]}}