{"id":2200,"date":"2026-03-30T16:08:47","date_gmt":"2026-03-30T13:08:47","guid":{"rendered":"https:\/\/hairfresh.eu\/product\/bionature-carbon-peeling\/"},"modified":"2026-03-30T16:09:05","modified_gmt":"2026-03-30T13:09:05","slug":"bionature-carbon-peeling","status":"publish","type":"product","link":"https:\/\/hairfresh.eu\/et\/product\/bionature-carbon-peeling\/","title":{"rendered":"Bionature Carbon Peeling"},"content":{"rendered":"<p>Kookosp\u00e4hkli s\u00f6e ja lavendli ekstraktil p\u00f5hinev koorija, mis tagab \u00f5rna ja j\u00e4rkj\u00e4rgulise kooriva toime<\/p>\n<p>\u00d5rn ja j\u00e4rkj\u00e4rguline kooriv toime, mis soodustab naha hapnikuga varustamist, eemaldades erinevad k\u00f5\u00f5mavormid. Sobib h\u00e4sti peanaha detoksikatsiooniks. Koostis sisaldab kookosp\u00e4hkli s\u00f6e pulbrit ja lavendli eeterlikku \u00f5li.<\/p>\n","protected":false},"excerpt":{"rendered":"<p>Kookosp\u00e4hkli s\u00f6e ja lavendli ekstraktil p\u00f5hinev koorija, mis tagab \u00f5rna ja j\u00e4rkj\u00e4rgulise kooriva toime \u00d5rn ja j\u00e4rkj\u00e4rguline kooriv toime, mis soodustab naha hapnikuga varustamist, eemaldades erinevad k\u00f5\u00f5mavormid. Sobib h\u00e4sti peanaha detoksikatsiooniks. Koostis sisaldab kookosp\u00e4hkli s\u00f6e pulbrit ja lavendli eeterlikku \u00f5li.<\/p>\n","protected":false},"featured_media":2198,"comment_status":"open","ping_status":"closed","template":"","meta":{"rs_blank_template":"","rs_page_bg_color":"","slide_template_v7":""},"product_brand":[],"product_cat":[522,564],"product_tag":[],"class_list":{"0":"post-2200","1":"product","2":"type-product","3":"status-publish","4":"has-post-thumbnail","6":"product_cat-bionature-cosmesi-fito-olistica","7":"product_cat-trattamenti-cute","9":"first","10":"instock","11":"taxable","12":"shipping-taxable","13":"purchasable","14":"product-type-simple"},"supplier_id":null,"supplier_sku":"","barcode":null,"atum_controlled":false,"out_stock_date":null,"out_stock_threshold":null,"inheritable":false,"inbound_stock":null,"stock_on_hold":0,"sold_today":0,"sales_last_days":0,"reserved_stock":null,"customer_returns":null,"warehouse_damage":null,"lost_in_post":null,"other_logs":null,"out_stock_days":0,"lost_sales":0,"has_location":null,"update_date":"2026-04-14T02:16:19","atum_locations":[],"atum_stock_status":"instock","restock_status":false,"low_stock_amount":"","sales_update_date":"2026-04-14T02:16:19","calc_backorders":null,"_links":{"self":[{"href":"https:\/\/hairfresh.eu\/et\/wp-json\/wp\/v2\/product\/2200","targetHints":{"allow":["GET"]}}],"collection":[{"href":"https:\/\/hairfresh.eu\/et\/wp-json\/wp\/v2\/product"}],"about":[{"href":"https:\/\/hairfresh.eu\/et\/wp-json\/wp\/v2\/types\/product"}],"replies":[{"embeddable":true,"href":"https:\/\/hairfresh.eu\/et\/wp-json\/wp\/v2\/comments?post=2200"}],"wp:featuredmedia":[{"embeddable":true,"href":"https:\/\/hairfresh.eu\/et\/wp-json\/wp\/v2\/media\/2198"}],"wp:attachment":[{"href":"https:\/\/hairfresh.eu\/et\/wp-json\/wp\/v2\/media?parent=2200"}],"wp:term":[{"taxonomy":"product_brand","embeddable":true,"href":"https:\/\/hairfresh.eu\/et\/wp-json\/wp\/v2\/product_brand?post=2200"},{"taxonomy":"product_cat","embeddable":true,"href":"https:\/\/hairfresh.eu\/et\/wp-json\/wp\/v2\/product_cat?post=2200"},{"taxonomy":"product_tag","embeddable":true,"href":"https:\/\/hairfresh.eu\/et\/wp-json\/wp\/v2\/product_tag?post=2200"}],"curies":[{"name":"wp","href":"https:\/\/api.w.org\/{rel}","templated":true}]}}