{"id":2212,"date":"2026-03-30T16:09:13","date_gmt":"2026-03-30T13:09:13","guid":{"rendered":"https:\/\/hairfresh.eu\/product\/beauty-experience-renovative-serum\/"},"modified":"2026-03-30T16:09:27","modified_gmt":"2026-03-30T13:09:27","slug":"beauty-experience-renovative-serum","status":"publish","type":"product","link":"https:\/\/hairfresh.eu\/et\/product\/beauty-experience-renovative-serum\/","title":{"rendered":"Beauty Experience Renovative Serum"},"content":{"rendered":"<p>Ideaalne n\u00e4oseerum, mis toetab ja kaitseb n\u00e4onahka.<\/p>\n<p>Kiiresti imenduv n\u00e4oseerum, mis on loodud vananemism\u00e4rkide vastu v\u00f5itlemiseks ning naha elastsuse, sileduse ja meeldiva pehmuse taastamiseks. Aitab nahka s\u00fcgavuti niisutada ning annab sellele p\u00e4ev p\u00e4evalt v\u00e4rske ja sametise v\u00e4limuse.<\/p>\n","protected":false},"excerpt":{"rendered":"<p>Ideaalne n\u00e4oseerum, mis toetab ja kaitseb n\u00e4onahka. Kiiresti imenduv n\u00e4oseerum, mis on loodud vananemism\u00e4rkide vastu v\u00f5itlemiseks ning naha elastsuse, sileduse ja meeldiva pehmuse taastamiseks. Aitab nahka s\u00fcgavuti niisutada ning annab sellele p\u00e4ev p\u00e4evalt v\u00e4rske ja sametise v\u00e4limuse.<\/p>\n","protected":false},"featured_media":2209,"comment_status":"open","ping_status":"closed","template":"","meta":{"rs_blank_template":"","rs_page_bg_color":"","slide_template_v7":""},"product_brand":[],"product_cat":[507,516],"product_tag":[],"class_list":{"0":"post-2212","1":"product","2":"type-product","3":"status-publish","4":"has-post-thumbnail","6":"product_cat-beauty-experience-skin-care","7":"product_cat-bellezza-del-capello","9":"first","10":"instock","11":"taxable","12":"shipping-taxable","13":"purchasable","14":"product-type-simple"},"supplier_id":null,"supplier_sku":"","barcode":null,"atum_controlled":false,"out_stock_date":null,"out_stock_threshold":null,"inheritable":false,"inbound_stock":null,"stock_on_hold":0,"sold_today":0,"sales_last_days":0,"reserved_stock":null,"customer_returns":null,"warehouse_damage":null,"lost_in_post":null,"other_logs":null,"out_stock_days":0,"lost_sales":0,"has_location":null,"update_date":"2026-04-14T02:16:19","atum_locations":[],"atum_stock_status":"instock","restock_status":false,"low_stock_amount":"","sales_update_date":"2026-04-14T02:16:19","calc_backorders":null,"_links":{"self":[{"href":"https:\/\/hairfresh.eu\/et\/wp-json\/wp\/v2\/product\/2212","targetHints":{"allow":["GET"]}}],"collection":[{"href":"https:\/\/hairfresh.eu\/et\/wp-json\/wp\/v2\/product"}],"about":[{"href":"https:\/\/hairfresh.eu\/et\/wp-json\/wp\/v2\/types\/product"}],"replies":[{"embeddable":true,"href":"https:\/\/hairfresh.eu\/et\/wp-json\/wp\/v2\/comments?post=2212"}],"wp:featuredmedia":[{"embeddable":true,"href":"https:\/\/hairfresh.eu\/et\/wp-json\/wp\/v2\/media\/2209"}],"wp:attachment":[{"href":"https:\/\/hairfresh.eu\/et\/wp-json\/wp\/v2\/media?parent=2212"}],"wp:term":[{"taxonomy":"product_brand","embeddable":true,"href":"https:\/\/hairfresh.eu\/et\/wp-json\/wp\/v2\/product_brand?post=2212"},{"taxonomy":"product_cat","embeddable":true,"href":"https:\/\/hairfresh.eu\/et\/wp-json\/wp\/v2\/product_cat?post=2212"},{"taxonomy":"product_tag","embeddable":true,"href":"https:\/\/hairfresh.eu\/et\/wp-json\/wp\/v2\/product_tag?post=2212"}],"curies":[{"name":"wp","href":"https:\/\/api.w.org\/{rel}","templated":true}]}}