{"id":2221,"date":"2026-03-30T16:09:37","date_gmt":"2026-03-30T13:09:37","guid":{"rendered":"https:\/\/hairfresh.eu\/product\/beauty-experience-oil-spray\/"},"modified":"2026-03-30T16:09:56","modified_gmt":"2026-03-30T13:09:56","slug":"beauty-experience-oil-spray","status":"publish","type":"product","link":"https:\/\/hairfresh.eu\/et\/product\/beauty-experience-oil-spray\/","title":{"rendered":"Beauty Experience Oil Spray"},"content":{"rendered":"<p>Kiiresti toimiv loputamata pihustatav mask, mis on ideaalne \u00f5hukeste ja kr\u00e4sus juuste lahtiharutamiseks, kaitsmiseks ja mineraalainete taastamiseks, muutes need terveks ja s\u00e4ravaks.<\/p>\n<p>Toode sisaldab teokarbi ekstrakti, mis muudab raskesti k\u00e4sitletavad juuksed terveks, niisutatuks, pehmeks ja kergeks. Toidab s\u00fcgavuti, ennetab kahestunud otste teket ja parandab v\u00e4listegurite, nagu smog ja p\u00e4ike, poolt kahjustatud juukseid. Kaitseb f\u00f6\u00f6ni ja sirgendaja kasutamisest tulenevate k\u00f5rge temperatuuri eest.<\/p>\n","protected":false},"excerpt":{"rendered":"<p>Kiiresti toimiv loputamata pihustatav mask, mis on ideaalne \u00f5hukeste ja kr\u00e4sus juuste lahtiharutamiseks, kaitsmiseks ja mineraalainete taastamiseks, muutes need terveks ja s\u00e4ravaks. Toode sisaldab teokarbi ekstrakti, mis muudab raskesti k\u00e4sitletavad juuksed terveks, niisutatuks, pehmeks ja kergeks. Toidab s\u00fcgavuti, ennetab kahestunud otste teket ja parandab v\u00e4listegurite, nagu smog ja p\u00e4ike, poolt kahjustatud juukseid. Kaitseb f\u00f6\u00f6ni ja [&#8230;]\n","protected":false},"featured_media":2219,"comment_status":"open","ping_status":"closed","template":"","meta":{"rs_blank_template":"","rs_page_bg_color":"","slide_template_v7":""},"product_brand":[],"product_cat":[501,516],"product_tag":[],"class_list":{"0":"post-2221","1":"product","2":"type-product","3":"status-publish","4":"has-post-thumbnail","6":"product_cat-beauty-experience","7":"product_cat-bellezza-del-capello","9":"first","10":"instock","11":"taxable","12":"shipping-taxable","13":"purchasable","14":"product-type-simple"},"supplier_id":null,"supplier_sku":"","barcode":null,"atum_controlled":false,"out_stock_date":null,"out_stock_threshold":null,"inheritable":false,"inbound_stock":null,"stock_on_hold":0,"sold_today":0,"sales_last_days":0,"reserved_stock":null,"customer_returns":null,"warehouse_damage":null,"lost_in_post":null,"other_logs":null,"out_stock_days":0,"lost_sales":0,"has_location":null,"update_date":"2026-04-14T02:16:19","atum_locations":[],"atum_stock_status":"instock","restock_status":false,"low_stock_amount":"","sales_update_date":"2026-04-14T02:16:19","calc_backorders":null,"_links":{"self":[{"href":"https:\/\/hairfresh.eu\/et\/wp-json\/wp\/v2\/product\/2221","targetHints":{"allow":["GET"]}}],"collection":[{"href":"https:\/\/hairfresh.eu\/et\/wp-json\/wp\/v2\/product"}],"about":[{"href":"https:\/\/hairfresh.eu\/et\/wp-json\/wp\/v2\/types\/product"}],"replies":[{"embeddable":true,"href":"https:\/\/hairfresh.eu\/et\/wp-json\/wp\/v2\/comments?post=2221"}],"wp:featuredmedia":[{"embeddable":true,"href":"https:\/\/hairfresh.eu\/et\/wp-json\/wp\/v2\/media\/2219"}],"wp:attachment":[{"href":"https:\/\/hairfresh.eu\/et\/wp-json\/wp\/v2\/media?parent=2221"}],"wp:term":[{"taxonomy":"product_brand","embeddable":true,"href":"https:\/\/hairfresh.eu\/et\/wp-json\/wp\/v2\/product_brand?post=2221"},{"taxonomy":"product_cat","embeddable":true,"href":"https:\/\/hairfresh.eu\/et\/wp-json\/wp\/v2\/product_cat?post=2221"},{"taxonomy":"product_tag","embeddable":true,"href":"https:\/\/hairfresh.eu\/et\/wp-json\/wp\/v2\/product_tag?post=2221"}],"curies":[{"name":"wp","href":"https:\/\/api.w.org\/{rel}","templated":true}]}}