{"id":2233,"date":"2026-03-30T16:10:03","date_gmt":"2026-03-30T13:10:03","guid":{"rendered":"https:\/\/hairfresh.eu\/product\/beauty-experience-lift-express-day-cream\/"},"modified":"2026-03-30T16:10:22","modified_gmt":"2026-03-30T13:10:22","slug":"beauty-experience-lift-express-day-cream","status":"publish","type":"product","link":"https:\/\/hairfresh.eu\/et\/product\/beauty-experience-lift-express-day-cream\/","title":{"rendered":"Beauty Experience Lift Express Day Cream"},"content":{"rendered":"<p>Vananemisvastane, toniseeriv ja siluv p\u00e4evakreem.<\/p>\n<p>Rikkalik ja nahka \u00fcmbritsev hooldus, mis on loodud vananemise m\u00e4rkide vastu v\u00f5itlemiseks, hoides nahka elastsena, toonuses ja n\u00e4htavalt nooremana. Toitev ja taastav koostis aitab siluda n\u00e4ojooni, et saavutada v\u00e4rskem, \u00fchtlasem ja siledam v\u00e4limus.<\/p>\n","protected":false},"excerpt":{"rendered":"<p>Vananemisvastane, toniseeriv ja siluv p\u00e4evakreem. Rikkalik ja nahka \u00fcmbritsev hooldus, mis on loodud vananemise m\u00e4rkide vastu v\u00f5itlemiseks, hoides nahka elastsena, toonuses ja n\u00e4htavalt nooremana. Toitev ja taastav koostis aitab siluda n\u00e4ojooni, et saavutada v\u00e4rskem, \u00fchtlasem ja siledam v\u00e4limus.<\/p>\n","protected":false},"featured_media":2230,"comment_status":"open","ping_status":"closed","template":"","meta":{"rs_blank_template":"","rs_page_bg_color":"","slide_template_v7":""},"product_brand":[],"product_cat":[507,516],"product_tag":[],"class_list":{"0":"post-2233","1":"product","2":"type-product","3":"status-publish","4":"has-post-thumbnail","6":"product_cat-beauty-experience-skin-care","7":"product_cat-bellezza-del-capello","9":"first","10":"instock","11":"taxable","12":"shipping-taxable","13":"purchasable","14":"product-type-simple"},"supplier_id":null,"supplier_sku":"","barcode":null,"atum_controlled":false,"out_stock_date":null,"out_stock_threshold":null,"inheritable":false,"inbound_stock":null,"stock_on_hold":0,"sold_today":0,"sales_last_days":0,"reserved_stock":null,"customer_returns":null,"warehouse_damage":null,"lost_in_post":null,"other_logs":null,"out_stock_days":0,"lost_sales":0,"has_location":null,"update_date":"2026-04-14T02:16:19","atum_locations":[],"atum_stock_status":"instock","restock_status":false,"low_stock_amount":"","sales_update_date":"2026-04-14T02:16:19","calc_backorders":null,"_links":{"self":[{"href":"https:\/\/hairfresh.eu\/et\/wp-json\/wp\/v2\/product\/2233","targetHints":{"allow":["GET"]}}],"collection":[{"href":"https:\/\/hairfresh.eu\/et\/wp-json\/wp\/v2\/product"}],"about":[{"href":"https:\/\/hairfresh.eu\/et\/wp-json\/wp\/v2\/types\/product"}],"replies":[{"embeddable":true,"href":"https:\/\/hairfresh.eu\/et\/wp-json\/wp\/v2\/comments?post=2233"}],"wp:featuredmedia":[{"embeddable":true,"href":"https:\/\/hairfresh.eu\/et\/wp-json\/wp\/v2\/media\/2230"}],"wp:attachment":[{"href":"https:\/\/hairfresh.eu\/et\/wp-json\/wp\/v2\/media?parent=2233"}],"wp:term":[{"taxonomy":"product_brand","embeddable":true,"href":"https:\/\/hairfresh.eu\/et\/wp-json\/wp\/v2\/product_brand?post=2233"},{"taxonomy":"product_cat","embeddable":true,"href":"https:\/\/hairfresh.eu\/et\/wp-json\/wp\/v2\/product_cat?post=2233"},{"taxonomy":"product_tag","embeddable":true,"href":"https:\/\/hairfresh.eu\/et\/wp-json\/wp\/v2\/product_tag?post=2233"}],"curies":[{"name":"wp","href":"https:\/\/api.w.org\/{rel}","templated":true}]}}