{"id":2242,"date":"2026-03-30T16:10:31","date_gmt":"2026-03-30T13:10:31","guid":{"rendered":"https:\/\/hairfresh.eu\/product\/beauty-experience-instant-repulp\/"},"modified":"2026-03-30T16:10:50","modified_gmt":"2026-03-30T13:10:50","slug":"beauty-experience-instant-repulp","status":"publish","type":"product","link":"https:\/\/hairfresh.eu\/et\/product\/beauty-experience-instant-repulp\/","title":{"rendered":"Beauty Experience Instant Repulp"},"content":{"rendered":"<p>Eriline, kohe toimiv, juukseid tihendav ja taastav loputamisega pihustatav hooldusvahend pH-tasemega 5,5, m\u00f5eldud kahjustatud, v\u00e4rvitud, n\u00f5rgenenud ja \u00f5hukestele juustele.<\/p>\n<p>NUTRY CARE INSTANT REPULP on loodud kahjustatud, v\u00e4rvitud, \u00f5hukestele, kuivadele, haprale, loomulikele ja lokkis juustele ning oma erilisuse v\u00f5lgneb see \u201eHELIX ASPERSA MULLER\u201d teokarbi, granaat\u00f5una ja bambusem\u00fc\u00fcgi v\u00e4\u00e4rtuslikele toimeainetele. See t\u00e4idab juuksekiudu v\u00e4ljastpoolt, taastades vaid 60 sekundiga juuste tiheduse, mahu ja elastsuse, s\u00e4ilitades samas nende loomuliku ilu.<\/p>\n","protected":false},"excerpt":{"rendered":"<p>Eriline, kohe toimiv, juukseid tihendav ja taastav loputamisega pihustatav hooldusvahend pH-tasemega 5,5, m\u00f5eldud kahjustatud, v\u00e4rvitud, n\u00f5rgenenud ja \u00f5hukestele juustele. NUTRY CARE INSTANT REPULP on loodud kahjustatud, v\u00e4rvitud, \u00f5hukestele, kuivadele, haprale, loomulikele ja lokkis juustele ning oma erilisuse v\u00f5lgneb see \u201eHELIX ASPERSA MULLER\u201d teokarbi, granaat\u00f5una ja bambusem\u00fc\u00fcgi v\u00e4\u00e4rtuslikele toimeainetele. See t\u00e4idab juuksekiudu v\u00e4ljastpoolt, taastades vaid 60 [&#8230;]\n","protected":false},"featured_media":2240,"comment_status":"open","ping_status":"closed","template":"","meta":{"rs_blank_template":"","rs_page_bg_color":"","slide_template_v7":""},"product_brand":[],"product_cat":[501,516],"product_tag":[],"class_list":{"0":"post-2242","1":"product","2":"type-product","3":"status-publish","4":"has-post-thumbnail","6":"product_cat-beauty-experience","7":"product_cat-bellezza-del-capello","9":"first","10":"instock","11":"taxable","12":"shipping-taxable","13":"purchasable","14":"product-type-simple"},"supplier_id":null,"supplier_sku":"","barcode":null,"atum_controlled":false,"out_stock_date":null,"out_stock_threshold":null,"inheritable":false,"inbound_stock":null,"stock_on_hold":0,"sold_today":0,"sales_last_days":0,"reserved_stock":null,"customer_returns":null,"warehouse_damage":null,"lost_in_post":null,"other_logs":null,"out_stock_days":0,"lost_sales":0,"has_location":null,"update_date":"2026-04-14T02:16:19","atum_locations":[],"atum_stock_status":"instock","restock_status":false,"low_stock_amount":"","sales_update_date":"2026-04-14T02:16:19","calc_backorders":null,"_links":{"self":[{"href":"https:\/\/hairfresh.eu\/et\/wp-json\/wp\/v2\/product\/2242","targetHints":{"allow":["GET"]}}],"collection":[{"href":"https:\/\/hairfresh.eu\/et\/wp-json\/wp\/v2\/product"}],"about":[{"href":"https:\/\/hairfresh.eu\/et\/wp-json\/wp\/v2\/types\/product"}],"replies":[{"embeddable":true,"href":"https:\/\/hairfresh.eu\/et\/wp-json\/wp\/v2\/comments?post=2242"}],"wp:featuredmedia":[{"embeddable":true,"href":"https:\/\/hairfresh.eu\/et\/wp-json\/wp\/v2\/media\/2240"}],"wp:attachment":[{"href":"https:\/\/hairfresh.eu\/et\/wp-json\/wp\/v2\/media?parent=2242"}],"wp:term":[{"taxonomy":"product_brand","embeddable":true,"href":"https:\/\/hairfresh.eu\/et\/wp-json\/wp\/v2\/product_brand?post=2242"},{"taxonomy":"product_cat","embeddable":true,"href":"https:\/\/hairfresh.eu\/et\/wp-json\/wp\/v2\/product_cat?post=2242"},{"taxonomy":"product_tag","embeddable":true,"href":"https:\/\/hairfresh.eu\/et\/wp-json\/wp\/v2\/product_tag?post=2242"}],"curies":[{"name":"wp","href":"https:\/\/api.w.org\/{rel}","templated":true}]}}