{"id":2254,"date":"2026-03-30T16:10:59","date_gmt":"2026-03-30T13:10:59","guid":{"rendered":"https:\/\/hairfresh.eu\/product\/beauty-experience-incredible-mousse\/"},"modified":"2026-03-30T16:11:13","modified_gmt":"2026-03-30T13:11:13","slug":"beauty-experience-incredible-mousse","status":"publish","type":"product","link":"https:\/\/hairfresh.eu\/et\/product\/beauty-experience-incredible-mousse\/","title":{"rendered":"Beauty Experience Incredible Mousse"},"content":{"rendered":"<p>Ideaalne naha puhastamiseks ja meigi eemaldamiseks, s\u00e4ilitades naha tasakaalu.<\/p>\n<p>See ei ole lihtsalt meigieemaldaja, vaid t\u00f5eline iluprotseduur. Eemaldab t\u00f5husalt mustuse ja meigi, j\u00e4ttes naha puhtaks, s\u00e4ravaks ja pehmeks.<\/p>\n","protected":false},"excerpt":{"rendered":"<p>Ideaalne naha puhastamiseks ja meigi eemaldamiseks, s\u00e4ilitades naha tasakaalu. See ei ole lihtsalt meigieemaldaja, vaid t\u00f5eline iluprotseduur. Eemaldab t\u00f5husalt mustuse ja meigi, j\u00e4ttes naha puhtaks, s\u00e4ravaks ja pehmeks.<\/p>\n","protected":false},"featured_media":2251,"comment_status":"open","ping_status":"closed","template":"","meta":{"rs_blank_template":"","rs_page_bg_color":"","slide_template_v7":""},"product_brand":[],"product_cat":[507,516],"product_tag":[],"class_list":{"0":"post-2254","1":"product","2":"type-product","3":"status-publish","4":"has-post-thumbnail","6":"product_cat-beauty-experience-skin-care","7":"product_cat-bellezza-del-capello","9":"first","10":"instock","11":"taxable","12":"shipping-taxable","13":"purchasable","14":"product-type-simple"},"supplier_id":null,"supplier_sku":"","barcode":null,"atum_controlled":false,"out_stock_date":null,"out_stock_threshold":null,"inheritable":false,"inbound_stock":null,"stock_on_hold":0,"sold_today":0,"sales_last_days":0,"reserved_stock":null,"customer_returns":null,"warehouse_damage":null,"lost_in_post":null,"other_logs":null,"out_stock_days":0,"lost_sales":0,"has_location":null,"update_date":"2026-04-14T02:16:19","atum_locations":[],"atum_stock_status":"instock","restock_status":false,"low_stock_amount":"","sales_update_date":"2026-04-14T02:16:19","calc_backorders":null,"_links":{"self":[{"href":"https:\/\/hairfresh.eu\/et\/wp-json\/wp\/v2\/product\/2254","targetHints":{"allow":["GET"]}}],"collection":[{"href":"https:\/\/hairfresh.eu\/et\/wp-json\/wp\/v2\/product"}],"about":[{"href":"https:\/\/hairfresh.eu\/et\/wp-json\/wp\/v2\/types\/product"}],"replies":[{"embeddable":true,"href":"https:\/\/hairfresh.eu\/et\/wp-json\/wp\/v2\/comments?post=2254"}],"wp:featuredmedia":[{"embeddable":true,"href":"https:\/\/hairfresh.eu\/et\/wp-json\/wp\/v2\/media\/2251"}],"wp:attachment":[{"href":"https:\/\/hairfresh.eu\/et\/wp-json\/wp\/v2\/media?parent=2254"}],"wp:term":[{"taxonomy":"product_brand","embeddable":true,"href":"https:\/\/hairfresh.eu\/et\/wp-json\/wp\/v2\/product_brand?post=2254"},{"taxonomy":"product_cat","embeddable":true,"href":"https:\/\/hairfresh.eu\/et\/wp-json\/wp\/v2\/product_cat?post=2254"},{"taxonomy":"product_tag","embeddable":true,"href":"https:\/\/hairfresh.eu\/et\/wp-json\/wp\/v2\/product_tag?post=2254"}],"curies":[{"name":"wp","href":"https:\/\/api.w.org\/{rel}","templated":true}]}}