{"id":2278,"date":"2026-03-30T16:11:51","date_gmt":"2026-03-30T13:11:51","guid":{"rendered":"https:\/\/hairfresh.eu\/product\/be-blonde-silver-shine-anti-yellow-mask\/"},"modified":"2026-03-30T16:12:15","modified_gmt":"2026-03-30T13:12:15","slug":"be-blonde-silver-shine-anti-yellow-mask","status":"publish","type":"product","link":"https:\/\/hairfresh.eu\/et\/product\/be-blonde-silver-shine-anti-yellow-mask\/","title":{"rendered":"Be Blonde Silver Shine Anti-Yellow Mask"},"content":{"rendered":"<p>Kollasust v\u00e4hendav taastav hooldus blondidele, pleegitatud v\u00f5i hallidele juustele, mis sisaldab plexi, h\u00fcaluroonhapet ja kollageeni.<\/p>\n<p>Kollasusevastane taastav hooldus blondidele, pleegitatud v\u00f5i hallidele juustele, mis sisaldab plexi, h\u00fcaluroonhapet ja kollageeni. Koostis on rikastatud suure koguse intensiivse toimega lilla pigmendiga, mis toidab, kaitseb, lahtiharutab ja annab blondidele juustele s\u00e4ra, neutraliseerides soovimatu kollase varjundi ning muutes juuksed pehmeks ja n\u00e4htavalt taastatuks.<\/p>\n","protected":false},"excerpt":{"rendered":"<p>Kollasust v\u00e4hendav taastav hooldus blondidele, pleegitatud v\u00f5i hallidele juustele, mis sisaldab plexi, h\u00fcaluroonhapet ja kollageeni. Kollasusevastane taastav hooldus blondidele, pleegitatud v\u00f5i hallidele juustele, mis sisaldab plexi, h\u00fcaluroonhapet ja kollageeni. Koostis on rikastatud suure koguse intensiivse toimega lilla pigmendiga, mis toidab, kaitseb, lahtiharutab ja annab blondidele juustele s\u00e4ra, neutraliseerides soovimatu kollase varjundi ning muutes juuksed pehmeks [&#8230;]\n","protected":false},"featured_media":2275,"comment_status":"open","ping_status":"closed","template":"","meta":{"rs_blank_template":"","rs_page_bg_color":"","slide_template_v7":""},"product_brand":[],"product_cat":[498,555],"product_tag":[],"class_list":{"0":"post-2278","1":"product","2":"type-product","3":"status-publish","4":"has-post-thumbnail","6":"product_cat-be-blonde-silver-shine","7":"product_cat-protezione-e-mantenimento","9":"first","10":"instock","11":"taxable","12":"shipping-taxable","13":"purchasable","14":"product-type-simple"},"supplier_id":null,"supplier_sku":"","barcode":null,"atum_controlled":false,"out_stock_date":null,"out_stock_threshold":null,"inheritable":false,"inbound_stock":null,"stock_on_hold":0,"sold_today":0,"sales_last_days":0,"reserved_stock":null,"customer_returns":null,"warehouse_damage":null,"lost_in_post":null,"other_logs":null,"out_stock_days":0,"lost_sales":0,"has_location":null,"update_date":"2026-04-14T02:16:20","atum_locations":[],"atum_stock_status":"instock","restock_status":false,"low_stock_amount":"","sales_update_date":"2026-04-14T02:16:20","calc_backorders":null,"_links":{"self":[{"href":"https:\/\/hairfresh.eu\/et\/wp-json\/wp\/v2\/product\/2278","targetHints":{"allow":["GET"]}}],"collection":[{"href":"https:\/\/hairfresh.eu\/et\/wp-json\/wp\/v2\/product"}],"about":[{"href":"https:\/\/hairfresh.eu\/et\/wp-json\/wp\/v2\/types\/product"}],"replies":[{"embeddable":true,"href":"https:\/\/hairfresh.eu\/et\/wp-json\/wp\/v2\/comments?post=2278"}],"wp:featuredmedia":[{"embeddable":true,"href":"https:\/\/hairfresh.eu\/et\/wp-json\/wp\/v2\/media\/2275"}],"wp:attachment":[{"href":"https:\/\/hairfresh.eu\/et\/wp-json\/wp\/v2\/media?parent=2278"}],"wp:term":[{"taxonomy":"product_brand","embeddable":true,"href":"https:\/\/hairfresh.eu\/et\/wp-json\/wp\/v2\/product_brand?post=2278"},{"taxonomy":"product_cat","embeddable":true,"href":"https:\/\/hairfresh.eu\/et\/wp-json\/wp\/v2\/product_cat?post=2278"},{"taxonomy":"product_tag","embeddable":true,"href":"https:\/\/hairfresh.eu\/et\/wp-json\/wp\/v2\/product_tag?post=2278"}],"curies":[{"name":"wp","href":"https:\/\/api.w.org\/{rel}","templated":true}]}}